{"id":11608,"date":"2021-07-14T02:20:24","date_gmt":"2021-07-14T02:20:24","guid":{"rendered":"https:\/\/shopquanao.shostweb.com\/?post_type=product&#038;p=11608"},"modified":"2021-07-14T03:16:33","modified_gmt":"2021-07-14T03:16:33","slug":"ao-khoac-classic-soc-trang","status":"publish","type":"product","link":"https:\/\/thoitrang4.vinastar.info\/?product=ao-khoac-classic-soc-trang","title":{"rendered":"\u00c1o Kho\u00e1c Classic s\u1ecdc tr\u1eafng"},"content":{"rendered":"<h5 class=\"display-6\">M\u00f4 t\u1ea3 s\u1ea3n ph\u1ea9m<\/h5>\n<p>&#8211; Ch\u1ea5t li\u1ec7u:<br \/>\nMINI ZURRY<br \/>\n&#8211; Th\u00e0nh Ph\u1ea7n:<br \/>\n+ 94% COTTON<br \/>\n&#8211; Th\u00e2n thi\u1ec7n<br \/>\n-Th\u1ea5m h\u00fat tho\u00e1t \u1ea9m<br \/>\n&#8211; M\u1ec1m m\u1ea1i<br \/>\n&#8211; \u00cdt nh\u0103n<br \/>\n+ 6% SPANDEX<br \/>\nCo gi\u1ea3n t\u1ed1i \u01b0u<br \/>\n&#8211; Logo VXKQ in d\u1ebbo<br \/>\n+ Ph\u1ed1i 2 t\u00fai h\u1ed9p c\u1ef1c ch\u1ea5t, c\u1ef1c c\u00e1 t\u00ednh<br \/>\n+ Bo tay x\u1ecf ng\u00f3n \u0111a d\u1ee5ng<br \/>\n+ D\u00e2y k\u00e9o vi\u1ec1n ph\u1ea3n quang<br \/>\n+ T\u00fai trong ti\u1ec7n d\u1ee5ng<br \/>\n+ Reverse Coil Zipper<br \/>\n(Nh\u1eefng chi\u1ebfc kho\u00e1 n\u00e0y c\u00f3 b\u1ec1 m\u1eb7t ngo\u00e0i d\u1eb9p, ph\u1eb3ng trong khi r\u0103ng kho\u00e1 th\u00ec \u1edf trong)<br \/>\n+ N\u00f3n r\u1ed9ng<\/p>\n","protected":false},"excerpt":{"rendered":"<p>\u00c1o kho\u00e1c Form Ti\u00eau Chu\u1ea9n<\/p>\n","protected":false},"featured_media":11612,"comment_status":"open","ping_status":"closed","template":"","meta":{"inline_featured_image":false},"product_cat":[1651],"product_tag":[],"class_list":{"0":"post-11608","1":"product","2":"type-product","3":"status-publish","4":"has-post-thumbnail","6":"product_cat-ao-khoac","8":"first","9":"instock","10":"shipping-taxable","11":"purchasable","12":"product-type-simple"},"_links":{"self":[{"href":"https:\/\/thoitrang4.vinastar.info\/index.php?rest_route=\/wp\/v2\/product\/11608","targetHints":{"allow":["GET"]}}],"collection":[{"href":"https:\/\/thoitrang4.vinastar.info\/index.php?rest_route=\/wp\/v2\/product"}],"about":[{"href":"https:\/\/thoitrang4.vinastar.info\/index.php?rest_route=\/wp\/v2\/types\/product"}],"replies":[{"embeddable":true,"href":"https:\/\/thoitrang4.vinastar.info\/index.php?rest_route=%2Fwp%2Fv2%2Fcomments&post=11608"}],"wp:featuredmedia":[{"embeddable":true,"href":"https:\/\/thoitrang4.vinastar.info\/index.php?rest_route=\/wp\/v2\/media\/11612"}],"wp:attachment":[{"href":"https:\/\/thoitrang4.vinastar.info\/index.php?rest_route=%2Fwp%2Fv2%2Fmedia&parent=11608"}],"wp:term":[{"taxonomy":"product_cat","embeddable":true,"href":"https:\/\/thoitrang4.vinastar.info\/index.php?rest_route=%2Fwp%2Fv2%2Fproduct_cat&post=11608"},{"taxonomy":"product_tag","embeddable":true,"href":"https:\/\/thoitrang4.vinastar.info\/index.php?rest_route=%2Fwp%2Fv2%2Fproduct_tag&post=11608"}],"curies":[{"name":"wp","href":"https:\/\/api.w.org\/{rel}","templated":true}]}}