{"id":11615,"date":"2021-07-14T02:40:20","date_gmt":"2021-07-14T02:40:20","guid":{"rendered":"https:\/\/shopquanao.shostweb.com\/?post_type=product&#038;p=11615"},"modified":"2021-07-14T02:47:35","modified_gmt":"2021-07-14T02:47:35","slug":"ao-khoac-classic-dang-tui","status":"publish","type":"product","link":"https:\/\/thoitrang4.vinastar.info\/?product=ao-khoac-classic-dang-tui","title":{"rendered":"\u00c1o Kho\u00e1c Classic d\u1ea1ng t\u00fai"},"content":{"rendered":"<h5 class=\"display-6\">M\u00f4 t\u1ea3 s\u1ea3n ph\u1ea9m<\/h5>\n<p style=\"font-size: 14.4px;\">\u00c1O KHO\u00c1C D\u00d9 \u0110A T\u00cdNH N\u0102NG<br \/>\n&#8211; Tr\u01b0\u1ee3t n\u01b0\u1edbc<br \/>\n&#8211; Ch\u1ed1ng UV<br \/>\nCh\u1ea5t li\u1ec7u: V\u1ea3i D\u00f9<br \/>\nTh\u00e0nh ph\u1ea7n: 100% poly<br \/>\n&#8211; V\u1ea3i d\u00f9 b\u1ec1n, dai v\u00e0 nh\u1eb9<\/p>\n<p><span style=\"font-size: 14.4px;\">&#8211; \u01afu \u0111i\u1ec3m v\u01b0\u1ee3t tr\u1ed9i l\u00e0 tho\u00e1ng kh\u00ed<\/span><\/p>\n<p><img loading=\"lazy\" decoding=\"async\" class=\"alignnone size-full wp-image-11616\" src=\"https:\/\/shopquanao.shostweb.com\/wp-content\/uploads\/2021\/07\/125d5e7d-7f43-0c00-1588-00170c27d2f7.jpg\" alt=\"\" width=\"800\" height=\"960\" srcset=\"https:\/\/thoitrang4.vinastar.info\/wp-content\/uploads\/2021\/07\/125d5e7d-7f43-0c00-1588-00170c27d2f7.jpg 800w, https:\/\/thoitrang4.vinastar.info\/wp-content\/uploads\/2021\/07\/125d5e7d-7f43-0c00-1588-00170c27d2f7-300x360.jpg 300w, https:\/\/thoitrang4.vinastar.info\/wp-content\/uploads\/2021\/07\/125d5e7d-7f43-0c00-1588-00170c27d2f7-600x720.jpg 600w, https:\/\/thoitrang4.vinastar.info\/wp-content\/uploads\/2021\/07\/125d5e7d-7f43-0c00-1588-00170c27d2f7-768x922.jpg 768w\" sizes=\"auto, (max-width: 800px) 100vw, 800px\" \/><\/p>\n","protected":false},"excerpt":{"rendered":"<p>\u00c1o kho\u00e1c Form R\u1ed9ng<\/p>\n","protected":false},"featured_media":11620,"comment_status":"open","ping_status":"closed","template":"","meta":{"inline_featured_image":false},"product_cat":[1651],"product_tag":[],"class_list":{"0":"post-11615","1":"product","2":"type-product","3":"status-publish","4":"has-post-thumbnail","6":"product_cat-ao-khoac","8":"first","9":"instock","10":"shipping-taxable","11":"purchasable","12":"product-type-simple"},"_links":{"self":[{"href":"https:\/\/thoitrang4.vinastar.info\/index.php?rest_route=\/wp\/v2\/product\/11615","targetHints":{"allow":["GET"]}}],"collection":[{"href":"https:\/\/thoitrang4.vinastar.info\/index.php?rest_route=\/wp\/v2\/product"}],"about":[{"href":"https:\/\/thoitrang4.vinastar.info\/index.php?rest_route=\/wp\/v2\/types\/product"}],"replies":[{"embeddable":true,"href":"https:\/\/thoitrang4.vinastar.info\/index.php?rest_route=%2Fwp%2Fv2%2Fcomments&post=11615"}],"wp:featuredmedia":[{"embeddable":true,"href":"https:\/\/thoitrang4.vinastar.info\/index.php?rest_route=\/wp\/v2\/media\/11620"}],"wp:attachment":[{"href":"https:\/\/thoitrang4.vinastar.info\/index.php?rest_route=%2Fwp%2Fv2%2Fmedia&parent=11615"}],"wp:term":[{"taxonomy":"product_cat","embeddable":true,"href":"https:\/\/thoitrang4.vinastar.info\/index.php?rest_route=%2Fwp%2Fv2%2Fproduct_cat&post=11615"},{"taxonomy":"product_tag","embeddable":true,"href":"https:\/\/thoitrang4.vinastar.info\/index.php?rest_route=%2Fwp%2Fv2%2Fproduct_tag&post=11615"}],"curies":[{"name":"wp","href":"https:\/\/api.w.org\/{rel}","templated":true}]}}