{"id":11627,"date":"2021-07-14T03:40:12","date_gmt":"2021-07-13T20:40:12","guid":{"rendered":"https:\/\/shopquanao.shostweb.com\/?post_type=product&#038;p=11627"},"modified":"2021-07-15T12:07:46","modified_gmt":"2021-07-15T05:07:46","slug":"ao-khoac-classic-anubis","status":"publish","type":"product","link":"https:\/\/thoitrang4.vinastar.info\/?product=ao-khoac-classic-anubis","title":{"rendered":"\u00c1o Kho\u00e1c Classic Anubis"},"content":{"rendered":"<h5 class=\"display-6\">M\u00f4 t\u1ea3 s\u1ea3n ph\u1ea9m<\/h5>\n<p>Ch\u1ea5t li\u1ec7u: V\u1ea3i D\u00f9<br \/>\nTh\u00e0nh ph\u1ea7n: 100% poly<br \/>\n&#8211; Ch\u1ed1ng tia UV<br \/>\n&#8211; C\u1ea3n gi\u00f3<br \/>\n&#8211; Ch\u1ed1ng b\u1ee5i<br \/>\n&#8211; \u00cdt nh\u0103n<br \/>\n&#8211; Nhanh kh\u00f4<br \/>\n&#8211; B\u1ec1n m\u00e0u t\u1ed1t<br \/>\n&#8211; Ch\u1ed1ng th\u1ea5m n\u01b0\u1edbc l\u00ean nhi\u1ec1u gi\u1edd li\u1ec1n<br \/>\n&#8211; B\u1ea3o v\u1ec7 ch\u1ed1ng t\u00e1c \u0111\u1ed9ng m\u00f4i tr\u01b0\u1eddng<br \/>\n+ Logo Anubis in cao<br \/>\n+ D\u00e2y lu\u1ed3ng n\u00f3n ph\u1ed1i m\u00e0u cam n\u1ed5i b\u1eadt<br \/>\n+ T\u00fai trong ti\u1ec7n d\u1ee5ng<br \/>\n+ N\u00f3n \u00e1o c\u00f3 m\u0169i che kh\u00f4ng b\u1ecb b\u1eaft n\u1eafng<br \/>\n+ C\u1ed5 tay \u00e1o c\u00f3 n\u00fat b\u1ea5m c\u1ed1 \u0111\u1ecbnh ph\u00f9 h\u1ee3p v\u1edbi tay ng\u01b0\u1eddi d\u00f9ng<br \/>\n+ Reverse Coil Zipper<br \/>\n(Nh\u1eefng chi\u1ebfc kho\u00e1 t\u00fai n\u00e0y c\u00f3 b\u1ec1 m\u1eb7t ngo\u00e0i d\u1eb9p, ph\u1eb3ng trong khi r\u0103ng kho\u00e1 th\u00ec \u1edf trong)<\/p>\n<p><img loading=\"lazy\" decoding=\"async\" class=\"alignnone size-full wp-image-11632\" src=\"https:\/\/shopquanao.shostweb.com\/wp-content\/uploads\/2021\/07\/7bf55dd4-678d-0500-86b4-0017a45dffe8.jpg\" alt=\"\" width=\"540\" height=\"739\" srcset=\"https:\/\/thoitrang4.vinastar.info\/wp-content\/uploads\/2021\/07\/7bf55dd4-678d-0500-86b4-0017a45dffe8.jpg 540w, https:\/\/thoitrang4.vinastar.info\/wp-content\/uploads\/2021\/07\/7bf55dd4-678d-0500-86b4-0017a45dffe8-300x411.jpg 300w\" sizes=\"auto, (max-width: 540px) 100vw, 540px\" \/><\/p>\n","protected":false},"excerpt":{"rendered":"<p>\u00c1o kho\u00e1c Form Ti\u00eau Chu\u1ea9n<\/p>\n","protected":false},"featured_media":11631,"comment_status":"open","ping_status":"closed","template":"","meta":{"inline_featured_image":false},"product_cat":[1651],"product_tag":[],"class_list":{"0":"post-11627","1":"product","2":"type-product","3":"status-publish","4":"has-post-thumbnail","6":"product_cat-ao-khoac","8":"first","9":"instock","10":"sale","11":"shipping-taxable","12":"purchasable","13":"product-type-simple"},"_links":{"self":[{"href":"https:\/\/thoitrang4.vinastar.info\/index.php?rest_route=\/wp\/v2\/product\/11627","targetHints":{"allow":["GET"]}}],"collection":[{"href":"https:\/\/thoitrang4.vinastar.info\/index.php?rest_route=\/wp\/v2\/product"}],"about":[{"href":"https:\/\/thoitrang4.vinastar.info\/index.php?rest_route=\/wp\/v2\/types\/product"}],"replies":[{"embeddable":true,"href":"https:\/\/thoitrang4.vinastar.info\/index.php?rest_route=%2Fwp%2Fv2%2Fcomments&post=11627"}],"wp:featuredmedia":[{"embeddable":true,"href":"https:\/\/thoitrang4.vinastar.info\/index.php?rest_route=\/wp\/v2\/media\/11631"}],"wp:attachment":[{"href":"https:\/\/thoitrang4.vinastar.info\/index.php?rest_route=%2Fwp%2Fv2%2Fmedia&parent=11627"}],"wp:term":[{"taxonomy":"product_cat","embeddable":true,"href":"https:\/\/thoitrang4.vinastar.info\/index.php?rest_route=%2Fwp%2Fv2%2Fproduct_cat&post=11627"},{"taxonomy":"product_tag","embeddable":true,"href":"https:\/\/thoitrang4.vinastar.info\/index.php?rest_route=%2Fwp%2Fv2%2Fproduct_tag&post=11627"}],"curies":[{"name":"wp","href":"https:\/\/api.w.org\/{rel}","templated":true}]}}