{"id":11633,"date":"2021-07-14T03:49:10","date_gmt":"2021-07-14T03:49:10","guid":{"rendered":"https:\/\/shopquanao.shostweb.com\/?post_type=product&#038;p=11633"},"modified":"2021-07-14T03:51:39","modified_gmt":"2021-07-14T03:51:39","slug":"ao-thun-tron-co-tron","status":"publish","type":"product","link":"https:\/\/thoitrang4.vinastar.info\/?product=ao-thun-tron-co-tron","title":{"rendered":"\u00c1o Thun Tr\u01a1n C\u1ed5 Tr\u00f2n"},"content":{"rendered":"<h2 class=\"display-6\">M\u00f4 t\u1ea3 s\u1ea3n ph\u1ea9m<\/h2>\n<p>Ch\u1ea5t li\u1ec7u: Cotton 2 chi\u1ec1u<br \/>\nTh\u00e0nh ph\u1ea7n: 100% Cotton<br \/>\n&#8211; Co d\u00e3n 2 chi\u1ec1u<br \/>\n&#8211; Th\u1ea5m h\u00fat m\u1ed3 h\u00f4i t\u1ed1t mang l\u1ea1i c\u1ea3m gi\u00e1c tho\u00e1ng m\u00e1t<\/p>\n<p><img loading=\"lazy\" decoding=\"async\" class=\"alignnone size-full wp-image-11638\" src=\"https:\/\/shopquanao.shostweb.com\/wp-content\/uploads\/2021\/07\/6b3fa951-ba6d-4100-4c66-0017432227c9.jpg\" alt=\"\" width=\"800\" height=\"1334\" srcset=\"https:\/\/thoitrang4.vinastar.info\/wp-content\/uploads\/2021\/07\/6b3fa951-ba6d-4100-4c66-0017432227c9.jpg 800w, https:\/\/thoitrang4.vinastar.info\/wp-content\/uploads\/2021\/07\/6b3fa951-ba6d-4100-4c66-0017432227c9-768x1281.jpg 768w, https:\/\/thoitrang4.vinastar.info\/wp-content\/uploads\/2021\/07\/6b3fa951-ba6d-4100-4c66-0017432227c9-300x500.jpg 300w, https:\/\/thoitrang4.vinastar.info\/wp-content\/uploads\/2021\/07\/6b3fa951-ba6d-4100-4c66-0017432227c9-600x1001.jpg 600w\" sizes=\"auto, (max-width: 800px) 100vw, 800px\" \/><\/p>\n","protected":false},"excerpt":{"rendered":"<p>\u00c1o Thun Form Ti\u00eau Chu\u1ea9n<\/p>\n","protected":false},"featured_media":11634,"comment_status":"open","ping_status":"closed","template":"","meta":{"inline_featured_image":false},"product_cat":[1653],"product_tag":[],"class_list":{"0":"post-11633","1":"product","2":"type-product","3":"status-publish","4":"has-post-thumbnail","6":"product_cat-ao-thun","8":"first","9":"instock","10":"shipping-taxable","11":"purchasable","12":"product-type-simple"},"_links":{"self":[{"href":"https:\/\/thoitrang4.vinastar.info\/index.php?rest_route=\/wp\/v2\/product\/11633","targetHints":{"allow":["GET"]}}],"collection":[{"href":"https:\/\/thoitrang4.vinastar.info\/index.php?rest_route=\/wp\/v2\/product"}],"about":[{"href":"https:\/\/thoitrang4.vinastar.info\/index.php?rest_route=\/wp\/v2\/types\/product"}],"replies":[{"embeddable":true,"href":"https:\/\/thoitrang4.vinastar.info\/index.php?rest_route=%2Fwp%2Fv2%2Fcomments&post=11633"}],"wp:featuredmedia":[{"embeddable":true,"href":"https:\/\/thoitrang4.vinastar.info\/index.php?rest_route=\/wp\/v2\/media\/11634"}],"wp:attachment":[{"href":"https:\/\/thoitrang4.vinastar.info\/index.php?rest_route=%2Fwp%2Fv2%2Fmedia&parent=11633"}],"wp:term":[{"taxonomy":"product_cat","embeddable":true,"href":"https:\/\/thoitrang4.vinastar.info\/index.php?rest_route=%2Fwp%2Fv2%2Fproduct_cat&post=11633"},{"taxonomy":"product_tag","embeddable":true,"href":"https:\/\/thoitrang4.vinastar.info\/index.php?rest_route=%2Fwp%2Fv2%2Fproduct_tag&post=11633"}],"curies":[{"name":"wp","href":"https:\/\/api.w.org\/{rel}","templated":true}]}}