{"id":11640,"date":"2021-07-14T04:00:51","date_gmt":"2021-07-14T04:00:51","guid":{"rendered":"https:\/\/shopquanao.shostweb.com\/?post_type=product&#038;p=11640"},"modified":"2021-07-14T04:10:50","modified_gmt":"2021-07-14T04:10:50","slug":"ao-thun-co-tron-angelo","status":"publish","type":"product","link":"https:\/\/thoitrang4.vinastar.info\/?product=ao-thun-co-tron-angelo","title":{"rendered":"\u00c1o Thun C\u1ed5 Tr\u00f2n Angelo"},"content":{"rendered":"<h5 class=\"display-6\">M\u00f4 t\u1ea3 s\u1ea3n ph\u1ea9m<\/h5>\n<p>Ch\u1ea5t li\u1ec7u: Cotton Compact<br \/>\nTh\u00e0nh ph\u1ea7n: 100% Cotton<br \/>\n&#8211; Th\u00e2n thi\u1ec7n<br \/>\n&#8211; Th\u1ea5m h\u00fat tho\u00e1t \u1ea9m<br \/>\n&#8211; M\u1ec1m m\u1ea1i<br \/>\n&#8211; Ki\u1ec3m so\u00e1t m\u00f9i<br \/>\n&#8211; \u0110i\u1ec1u h\u00f2a nhi\u1ec7t<br \/>\n+ H\u1ecda ti\u1ebft in d\u1ebbo + in trame<br \/>\n&#8211; HDSD:<br \/>\n+ N\u00ean gi\u1eb7t chung v\u1edbi s\u1ea3n ph\u1ea9m c\u00f9ng m\u00e0u<br \/>\n+ Kh\u00f4ng d\u00f9ng thu\u1ed1c t\u1ea9y ho\u1eb7c x\u00e0 ph\u00f2ng c\u00f3 t\u00ednh t\u1ea9y m\u1ea1nh<br \/>\n+ N\u00ean ph\u01a1i trong b\u00f3ng r\u00e2m \u0111\u1ec3 gi\u1eef sp b\u1ec1n m\u00e0u<\/p>\n<p><img loading=\"lazy\" decoding=\"async\" class=\"alignnone size-full wp-image-11644\" src=\"https:\/\/shopquanao.shostweb.com\/wp-content\/uploads\/2021\/07\/9a27001a-654f-0a01-23f6-0017db89376c.jpg\" alt=\"\" width=\"800\" height=\"1321\" srcset=\"https:\/\/thoitrang4.vinastar.info\/wp-content\/uploads\/2021\/07\/9a27001a-654f-0a01-23f6-0017db89376c.jpg 800w, https:\/\/thoitrang4.vinastar.info\/wp-content\/uploads\/2021\/07\/9a27001a-654f-0a01-23f6-0017db89376c-768x1268.jpg 768w, https:\/\/thoitrang4.vinastar.info\/wp-content\/uploads\/2021\/07\/9a27001a-654f-0a01-23f6-0017db89376c-300x495.jpg 300w, https:\/\/thoitrang4.vinastar.info\/wp-content\/uploads\/2021\/07\/9a27001a-654f-0a01-23f6-0017db89376c-600x991.jpg 600w\" sizes=\"auto, (max-width: 800px) 100vw, 800px\" \/><\/p>\n","protected":false},"excerpt":{"rendered":"<p>\u00c1o Thun Form R\u1ed9ng<\/p>\n","protected":false},"featured_media":11643,"comment_status":"open","ping_status":"closed","template":"","meta":{"inline_featured_image":false},"product_cat":[1653],"product_tag":[],"class_list":{"0":"post-11640","1":"product","2":"type-product","3":"status-publish","4":"has-post-thumbnail","6":"product_cat-ao-thun","8":"first","9":"instock","10":"shipping-taxable","11":"purchasable","12":"product-type-simple"},"_links":{"self":[{"href":"https:\/\/thoitrang4.vinastar.info\/index.php?rest_route=\/wp\/v2\/product\/11640","targetHints":{"allow":["GET"]}}],"collection":[{"href":"https:\/\/thoitrang4.vinastar.info\/index.php?rest_route=\/wp\/v2\/product"}],"about":[{"href":"https:\/\/thoitrang4.vinastar.info\/index.php?rest_route=\/wp\/v2\/types\/product"}],"replies":[{"embeddable":true,"href":"https:\/\/thoitrang4.vinastar.info\/index.php?rest_route=%2Fwp%2Fv2%2Fcomments&post=11640"}],"wp:featuredmedia":[{"embeddable":true,"href":"https:\/\/thoitrang4.vinastar.info\/index.php?rest_route=\/wp\/v2\/media\/11643"}],"wp:attachment":[{"href":"https:\/\/thoitrang4.vinastar.info\/index.php?rest_route=%2Fwp%2Fv2%2Fmedia&parent=11640"}],"wp:term":[{"taxonomy":"product_cat","embeddable":true,"href":"https:\/\/thoitrang4.vinastar.info\/index.php?rest_route=%2Fwp%2Fv2%2Fproduct_cat&post=11640"},{"taxonomy":"product_tag","embeddable":true,"href":"https:\/\/thoitrang4.vinastar.info\/index.php?rest_route=%2Fwp%2Fv2%2Fproduct_tag&post=11640"}],"curies":[{"name":"wp","href":"https:\/\/api.w.org\/{rel}","templated":true}]}}