{"id":11651,"date":"2021-07-14T04:29:28","date_gmt":"2021-07-14T04:29:28","guid":{"rendered":"https:\/\/shopquanao.shostweb.com\/?post_type=product&#038;p=11651"},"modified":"2021-07-14T06:52:25","modified_gmt":"2021-07-14T06:52:25","slug":"ao-thun-co-tron-van-xuan-kien-quoc","status":"publish","type":"product","link":"https:\/\/thoitrang4.vinastar.info\/?product=ao-thun-co-tron-van-xuan-kien-quoc","title":{"rendered":"\u00c1o Thun C\u1ed5 Tr\u00f2n V\u1ea1n Xu\u00e2n Ki\u1ebfn Qu\u1ed1c"},"content":{"rendered":"<h3 class=\"display-6\">M\u00f4 t\u1ea3 s\u1ea3n ph\u1ea9m<\/h3>\n<p>Ch\u1ea5t li\u1ec7u: Cotton 2 chi\u1ec1u<br \/>\nTh\u00e0nh ph\u1ea7n: 100% Cotton<br \/>\n&#8211; Co d\u00e3n 2 chi\u1ec1u<br \/>\n&#8211; Th\u1ea5m h\u00fat m\u1ed3 h\u00f4i t\u1ed1t mang l\u1ea1i c\u1ea3m gi\u00e1c tho\u00e1ng m\u00e1t<br \/>\n+ Th\u00eau + in chuy\u1ec3n nhi\u1ec7t logo V\u1ea1n Xu\u00e2n Ki\u1ebfn Qu\u1ed1c<br \/>\nHDSD:<br \/>\n&#8211; Gi\u1eb7t tay \u0111\u1ec3 s\u1ea3n ph\u1ea9m gi\u1eef \u0111\u01b0\u1ee3c \u0111\u1ed9 b\u1ec1n cao<br \/>\n&#8211; \u1ee6i s\u1ea3n ph\u1ea9m b\u1eb1ng b\u00e0n \u1ee7i h\u01a1i n\u01b0\u1edbc ho\u1eb7c \u1ee7i khi s\u1ea3n ph\u1ea9m c\u00f2n \u1ea9m \u0111\u1ec3 d\u1ec5 d\u00e0ng l\u00e0m ph\u1eb3ng<\/p>\n<p><img loading=\"lazy\" decoding=\"async\" class=\"alignnone size-full wp-image-11652\" src=\"https:\/\/shopquanao.shostweb.com\/wp-content\/uploads\/2021\/07\/0a2ed890-764d-3200-b6a2-00177ed327f3.jpg\" alt=\"\" width=\"800\" height=\"1814\" srcset=\"https:\/\/thoitrang4.vinastar.info\/wp-content\/uploads\/2021\/07\/0a2ed890-764d-3200-b6a2-00177ed327f3.jpg 800w, https:\/\/thoitrang4.vinastar.info\/wp-content\/uploads\/2021\/07\/0a2ed890-764d-3200-b6a2-00177ed327f3-768x1741.jpg 768w, https:\/\/thoitrang4.vinastar.info\/wp-content\/uploads\/2021\/07\/0a2ed890-764d-3200-b6a2-00177ed327f3-677x1536.jpg 677w, https:\/\/thoitrang4.vinastar.info\/wp-content\/uploads\/2021\/07\/0a2ed890-764d-3200-b6a2-00177ed327f3-300x680.jpg 300w, https:\/\/thoitrang4.vinastar.info\/wp-content\/uploads\/2021\/07\/0a2ed890-764d-3200-b6a2-00177ed327f3-600x1361.jpg 600w\" sizes=\"auto, (max-width: 800px) 100vw, 800px\" \/><\/p>\n","protected":false},"excerpt":{"rendered":"<p>\u00c1o Thun Form R\u1ed9ng<\/p>\n","protected":false},"featured_media":11655,"comment_status":"open","ping_status":"closed","template":"","meta":{"inline_featured_image":false},"product_cat":[1653],"product_tag":[],"class_list":{"0":"post-11651","1":"product","2":"type-product","3":"status-publish","4":"has-post-thumbnail","6":"product_cat-ao-thun","8":"first","9":"instock","10":"shipping-taxable","11":"purchasable","12":"product-type-simple"},"_links":{"self":[{"href":"https:\/\/thoitrang4.vinastar.info\/index.php?rest_route=\/wp\/v2\/product\/11651","targetHints":{"allow":["GET"]}}],"collection":[{"href":"https:\/\/thoitrang4.vinastar.info\/index.php?rest_route=\/wp\/v2\/product"}],"about":[{"href":"https:\/\/thoitrang4.vinastar.info\/index.php?rest_route=\/wp\/v2\/types\/product"}],"replies":[{"embeddable":true,"href":"https:\/\/thoitrang4.vinastar.info\/index.php?rest_route=%2Fwp%2Fv2%2Fcomments&post=11651"}],"wp:featuredmedia":[{"embeddable":true,"href":"https:\/\/thoitrang4.vinastar.info\/index.php?rest_route=\/wp\/v2\/media\/11655"}],"wp:attachment":[{"href":"https:\/\/thoitrang4.vinastar.info\/index.php?rest_route=%2Fwp%2Fv2%2Fmedia&parent=11651"}],"wp:term":[{"taxonomy":"product_cat","embeddable":true,"href":"https:\/\/thoitrang4.vinastar.info\/index.php?rest_route=%2Fwp%2Fv2%2Fproduct_cat&post=11651"},{"taxonomy":"product_tag","embeddable":true,"href":"https:\/\/thoitrang4.vinastar.info\/index.php?rest_route=%2Fwp%2Fv2%2Fproduct_tag&post=11651"}],"curies":[{"name":"wp","href":"https:\/\/api.w.org\/{rel}","templated":true}]}}