{"id":11704,"date":"2021-07-14T09:12:00","date_gmt":"2021-07-14T09:12:00","guid":{"rendered":"https:\/\/shopquanao.shostweb.com\/?post_type=product&#038;p=11704"},"modified":"2021-07-14T09:15:18","modified_gmt":"2021-07-14T09:15:18","slug":"soo-balo-fit-don-gian","status":"publish","type":"product","link":"https:\/\/thoitrang4.vinastar.info\/?product=soo-balo-fit-don-gian","title":{"rendered":"SOO Balo Fit \u0110\u01a1n Gi\u1ea3n"},"content":{"rendered":"<p><img loading=\"lazy\" decoding=\"async\" class=\"alignnone size-full wp-image-11706\" src=\"https:\/\/shopquanao.shostweb.com\/wp-content\/uploads\/2021\/07\/a3777527-f925-1200-6933-001770b3ee6e.jpg\" alt=\"\" width=\"800\" height=\"1711\" srcset=\"https:\/\/thoitrang4.vinastar.info\/wp-content\/uploads\/2021\/07\/a3777527-f925-1200-6933-001770b3ee6e.jpg 800w, https:\/\/thoitrang4.vinastar.info\/wp-content\/uploads\/2021\/07\/a3777527-f925-1200-6933-001770b3ee6e-768x1643.jpg 768w, https:\/\/thoitrang4.vinastar.info\/wp-content\/uploads\/2021\/07\/a3777527-f925-1200-6933-001770b3ee6e-718x1536.jpg 718w, https:\/\/thoitrang4.vinastar.info\/wp-content\/uploads\/2021\/07\/a3777527-f925-1200-6933-001770b3ee6e-300x642.jpg 300w, https:\/\/thoitrang4.vinastar.info\/wp-content\/uploads\/2021\/07\/a3777527-f925-1200-6933-001770b3ee6e-600x1283.jpg 600w\" sizes=\"auto, (max-width: 800px) 100vw, 800px\" \/><\/p>\n","protected":false},"excerpt":{"rendered":"<h5 class=\"display-6\">M\u00f4 t\u1ea3 s\u1ea3n ph\u1ea9m<\/h5>\n<p>H57 &#8211; ESSENTIAL BACKPACK<\/p>\n<p>&#8211; V\u00e0i ch\u00ednh:<br \/>\n+ M\u00e0u \u0111en: 840HD \u0110en+ L\u00f3t 210D<br \/>\n+ M\u00e0u \u0111\u1ecf + xanh \u0111en + x\u00e1m + xanh r\u00eau: 420D PVC HD Tr\u01b0\u1ee3t n\u01b0\u1edbc+ L\u00f3t 210D<br \/>\n&#8211; PE form 5mm + L\u01b0\u1edbi Airmesh + L\u00f3t 210D<br \/>\n&#8211; Logo YaMe PU c\u00f9ng Nh\u00e3n ch\u1eef Y\/H57<br \/>\n&#8211; D\u00e2y k\u00e9o YKK #8 2 chi\u1ec1u<\/p>\n<p>&#8211; Nhi\u1ec1u ng\u0103n \u0111a t\u00ednh n\u0103ng<br \/>\n&#8211; Thi\u1ebft k\u1ebf 2 \u0111ai \u0111\u00e1y th\u1eddi trang v\u00e0 t\u0103ng s\u1ee9c b\u1ec1n.<br \/>\nK\u00edch th\u01b0\u1edbc: 40 x 30 x 10cm<\/p>\n","protected":false},"featured_media":11708,"comment_status":"open","ping_status":"closed","template":"","meta":{"inline_featured_image":false},"product_cat":[1676],"product_tag":[],"class_list":{"0":"post-11704","1":"product","2":"type-product","3":"status-publish","4":"has-post-thumbnail","6":"product_cat-balo","8":"first","9":"instock","10":"sale","11":"shipping-taxable","12":"purchasable","13":"product-type-simple"},"_links":{"self":[{"href":"https:\/\/thoitrang4.vinastar.info\/index.php?rest_route=\/wp\/v2\/product\/11704","targetHints":{"allow":["GET"]}}],"collection":[{"href":"https:\/\/thoitrang4.vinastar.info\/index.php?rest_route=\/wp\/v2\/product"}],"about":[{"href":"https:\/\/thoitrang4.vinastar.info\/index.php?rest_route=\/wp\/v2\/types\/product"}],"replies":[{"embeddable":true,"href":"https:\/\/thoitrang4.vinastar.info\/index.php?rest_route=%2Fwp%2Fv2%2Fcomments&post=11704"}],"wp:featuredmedia":[{"embeddable":true,"href":"https:\/\/thoitrang4.vinastar.info\/index.php?rest_route=\/wp\/v2\/media\/11708"}],"wp:attachment":[{"href":"https:\/\/thoitrang4.vinastar.info\/index.php?rest_route=%2Fwp%2Fv2%2Fmedia&parent=11704"}],"wp:term":[{"taxonomy":"product_cat","embeddable":true,"href":"https:\/\/thoitrang4.vinastar.info\/index.php?rest_route=%2Fwp%2Fv2%2Fproduct_cat&post=11704"},{"taxonomy":"product_tag","embeddable":true,"href":"https:\/\/thoitrang4.vinastar.info\/index.php?rest_route=%2Fwp%2Fv2%2Fproduct_tag&post=11704"}],"curies":[{"name":"wp","href":"https:\/\/api.w.org\/{rel}","templated":true}]}}