{"id":11710,"date":"2021-07-14T09:37:27","date_gmt":"2021-07-14T09:37:27","guid":{"rendered":"https:\/\/shopquanao.shostweb.com\/?post_type=product&#038;p=11710"},"modified":"2021-07-14T09:45:21","modified_gmt":"2021-07-14T09:45:21","slug":"element-ver2-metal","status":"publish","type":"product","link":"https:\/\/thoitrang4.vinastar.info\/?product=element-ver2-metal","title":{"rendered":"Element Ver2 Metal"},"content":{"rendered":"<p><img loading=\"lazy\" decoding=\"async\" class=\"alignnone size-full wp-image-11712\" src=\"https:\/\/shopquanao.shostweb.com\/wp-content\/uploads\/2021\/07\/deb7f082-17dc-1000-0b7a-00174de5780e.jpg\" alt=\"\" width=\"800\" height=\"1422\" srcset=\"https:\/\/thoitrang4.vinastar.info\/wp-content\/uploads\/2021\/07\/deb7f082-17dc-1000-0b7a-00174de5780e.jpg 800w, https:\/\/thoitrang4.vinastar.info\/wp-content\/uploads\/2021\/07\/deb7f082-17dc-1000-0b7a-00174de5780e-768x1365.jpg 768w, https:\/\/thoitrang4.vinastar.info\/wp-content\/uploads\/2021\/07\/deb7f082-17dc-1000-0b7a-00174de5780e-300x533.jpg 300w, https:\/\/thoitrang4.vinastar.info\/wp-content\/uploads\/2021\/07\/deb7f082-17dc-1000-0b7a-00174de5780e-600x1067.jpg 600w\" sizes=\"auto, (max-width: 800px) 100vw, 800px\" \/><\/p>\n","protected":false},"excerpt":{"rendered":"<h3 class=\"display-6\">M\u00f4 t\u1ea3 s\u1ea3n ph\u1ea9m<\/h3>\n<p>Balo Y2010 H75 BD-B25<\/p>\n<p>&#8211; Ch\u1ea5t li\u1ec7u: 840HD<br \/>\n&#8211; Ph\u1ed1i Simily PVC<br \/>\n&#8211; L\u01b0ng balo l\u00e0 1 t\u1ea5m EVA ch\u1ed1ng s\u1ed1c cao c\u1ea5p, \u0111\u1ec7m quai \u0111eo Air mesh \u00eam.<br \/>\n&#8211; H\u1ecda ti\u1ebft b\u00e1nh r\u0103ng s\u1eed d\u1ee5ng k\u1ef9 thu\u1eadt in trame<br \/>\n&#8211; Kh\u00f3a h\u00f4ng an to\u00e0n cho du l\u1ecbch<br \/>\n&#8211; Nhi\u1ec1u ng\u0103n ti\u1ec7n d\u1ee5ng:<br \/>\n+ Thi\u1ebft k\u1ebf ng\u0103n ch\u00ednh r\u1ed9ng v\u1edbi s\u1ee9c ch\u1ee9a l\u1edbn.<br \/>\n+ Ng\u0103n ch\u1ed1ng shock ri\u00eang bi\u1ec7t bi\u1ec7t cho Laptop<br \/>\n+ Ng\u0103n l\u01b0\u1edbi d\u00e2y k\u00e9o ti\u1ec7n d\u1ee5ng<br \/>\n+ Ng\u0103n nh\u1ef1a b\u00ean trong ph\u1ed1i plastic<br \/>\n+ Ng\u0103n ph\u1ee5 tr\u01b0\u1edbc<br \/>\n+ Hai ng\u0103n h\u00f4ng<br \/>\nK\u00edch th\u01b0\u1edbc: 42x30x10 cm<\/p>\n","protected":false},"featured_media":11717,"comment_status":"open","ping_status":"closed","template":"","meta":{"inline_featured_image":false},"product_cat":[1676],"product_tag":[],"class_list":{"0":"post-11710","1":"product","2":"type-product","3":"status-publish","4":"has-post-thumbnail","6":"product_cat-balo","8":"first","9":"instock","10":"shipping-taxable","11":"purchasable","12":"product-type-simple"},"_links":{"self":[{"href":"https:\/\/thoitrang4.vinastar.info\/index.php?rest_route=\/wp\/v2\/product\/11710","targetHints":{"allow":["GET"]}}],"collection":[{"href":"https:\/\/thoitrang4.vinastar.info\/index.php?rest_route=\/wp\/v2\/product"}],"about":[{"href":"https:\/\/thoitrang4.vinastar.info\/index.php?rest_route=\/wp\/v2\/types\/product"}],"replies":[{"embeddable":true,"href":"https:\/\/thoitrang4.vinastar.info\/index.php?rest_route=%2Fwp%2Fv2%2Fcomments&post=11710"}],"wp:featuredmedia":[{"embeddable":true,"href":"https:\/\/thoitrang4.vinastar.info\/index.php?rest_route=\/wp\/v2\/media\/11717"}],"wp:attachment":[{"href":"https:\/\/thoitrang4.vinastar.info\/index.php?rest_route=%2Fwp%2Fv2%2Fmedia&parent=11710"}],"wp:term":[{"taxonomy":"product_cat","embeddable":true,"href":"https:\/\/thoitrang4.vinastar.info\/index.php?rest_route=%2Fwp%2Fv2%2Fproduct_cat&post=11710"},{"taxonomy":"product_tag","embeddable":true,"href":"https:\/\/thoitrang4.vinastar.info\/index.php?rest_route=%2Fwp%2Fv2%2Fproduct_tag&post=11710"}],"curies":[{"name":"wp","href":"https:\/\/api.w.org\/{rel}","templated":true}]}}