{"id":11723,"date":"2021-07-14T09:51:45","date_gmt":"2021-07-14T09:51:45","guid":{"rendered":"https:\/\/shopquanao.shostweb.com\/?post_type=product&#038;p=11723"},"modified":"2021-07-14T09:57:23","modified_gmt":"2021-07-14T09:57:23","slug":"11723","status":"publish","type":"product","link":"https:\/\/thoitrang4.vinastar.info\/?product=11723","title":{"rendered":"Balo EVA Nguy\u00ean B\u1ea3n"},"content":{"rendered":"<p><img loading=\"lazy\" decoding=\"async\" class=\"alignnone wp-image-11724\" src=\"https:\/\/shopquanao.shostweb.com\/wp-content\/uploads\/2021\/07\/5f739b57-233a-6100-a5be-00173cd5db30.jpg\" alt=\"\" width=\"450\" height=\"800\" srcset=\"https:\/\/thoitrang4.vinastar.info\/wp-content\/uploads\/2021\/07\/5f739b57-233a-6100-a5be-00173cd5db30.jpg 800w, https:\/\/thoitrang4.vinastar.info\/wp-content\/uploads\/2021\/07\/5f739b57-233a-6100-a5be-00173cd5db30-768x1365.jpg 768w, https:\/\/thoitrang4.vinastar.info\/wp-content\/uploads\/2021\/07\/5f739b57-233a-6100-a5be-00173cd5db30-300x533.jpg 300w, https:\/\/thoitrang4.vinastar.info\/wp-content\/uploads\/2021\/07\/5f739b57-233a-6100-a5be-00173cd5db30-600x1067.jpg 600w\" sizes=\"auto, (max-width: 450px) 100vw, 450px\" \/><\/p>\n","protected":false},"excerpt":{"rendered":"<h5 class=\"display-6\">M\u00f4 t\u1ea3 s\u1ea3n ph\u1ea9m<\/h5>\n<p>Balo Y2010 H72<\/p>\n<p>Ch\u1ea5t li\u1ec7u:<br \/>\n&#8211; M\u00e0u \u0111en:<br \/>\n+ V\u1ea3i ch\u00ednh: 900HD \u0110en + L\u00f3t 210D Cam in logo ch\u1eef Y<br \/>\n&#8211; M\u00e0u \u0111\u1ecf + xanh r\u00eau:<br \/>\n+ V\u1ea3i ch\u00ednh: 1000D Cordura tr\u01b0\u1ee3t n\u01b0\u1edbc + L\u00f3t 210D Cam in logo ch\u1eef Y<br \/>\n&#8211; L\u01b0ng balo l\u00e0 1 t\u1ea5m EVA ch\u1ed1ng s\u1ed1c cao c\u1ea5p, \u0111\u1ec7m quai \u0111eo Air mesh \u00eam.<br \/>\n&#8211; Thi\u1ebft k\u1ebf nhi\u1ec1u ng\u0103n ti\u1ec7n d\u1ee5ng<\/p>\n<p>K\u00edch th\u01b0\u1edbc: 42 x 30 x 10cm<\/p>\n","protected":false},"featured_media":11727,"comment_status":"open","ping_status":"closed","template":"","meta":{"inline_featured_image":false},"product_cat":[1676],"product_tag":[],"class_list":{"0":"post-11723","1":"product","2":"type-product","3":"status-publish","4":"has-post-thumbnail","6":"product_cat-balo","8":"first","9":"instock","10":"sale","11":"shipping-taxable","12":"purchasable","13":"product-type-simple"},"_links":{"self":[{"href":"https:\/\/thoitrang4.vinastar.info\/index.php?rest_route=\/wp\/v2\/product\/11723","targetHints":{"allow":["GET"]}}],"collection":[{"href":"https:\/\/thoitrang4.vinastar.info\/index.php?rest_route=\/wp\/v2\/product"}],"about":[{"href":"https:\/\/thoitrang4.vinastar.info\/index.php?rest_route=\/wp\/v2\/types\/product"}],"replies":[{"embeddable":true,"href":"https:\/\/thoitrang4.vinastar.info\/index.php?rest_route=%2Fwp%2Fv2%2Fcomments&post=11723"}],"wp:featuredmedia":[{"embeddable":true,"href":"https:\/\/thoitrang4.vinastar.info\/index.php?rest_route=\/wp\/v2\/media\/11727"}],"wp:attachment":[{"href":"https:\/\/thoitrang4.vinastar.info\/index.php?rest_route=%2Fwp%2Fv2%2Fmedia&parent=11723"}],"wp:term":[{"taxonomy":"product_cat","embeddable":true,"href":"https:\/\/thoitrang4.vinastar.info\/index.php?rest_route=%2Fwp%2Fv2%2Fproduct_cat&post=11723"},{"taxonomy":"product_tag","embeddable":true,"href":"https:\/\/thoitrang4.vinastar.info\/index.php?rest_route=%2Fwp%2Fv2%2Fproduct_tag&post=11723"}],"curies":[{"name":"wp","href":"https:\/\/api.w.org\/{rel}","templated":true}]}}