{"id":11739,"date":"2021-07-15T09:28:37","date_gmt":"2021-07-15T02:28:37","guid":{"rendered":"https:\/\/shopquanao.shostweb.com\/?post_type=product&#038;p=11739"},"modified":"2021-07-15T09:40:57","modified_gmt":"2021-07-15T02:40:57","slug":"11739","status":"publish","type":"product","link":"https:\/\/thoitrang4.vinastar.info\/?product=11739","title":{"rendered":"Qu\u1ea7n D\u00e0i Jean Straight"},"content":{"rendered":"<p><img loading=\"lazy\" decoding=\"async\" class=\"alignnone wp-image-11743\" src=\"https:\/\/shopquanao.shostweb.com\/wp-content\/uploads\/2021\/07\/425d984b-311a-2a00-c7d0-00178911f514.jpg\" alt=\"\" width=\"570\" height=\"1055\" srcset=\"https:\/\/thoitrang4.vinastar.info\/wp-content\/uploads\/2021\/07\/425d984b-311a-2a00-c7d0-00178911f514.jpg 800w, https:\/\/thoitrang4.vinastar.info\/wp-content\/uploads\/2021\/07\/425d984b-311a-2a00-c7d0-00178911f514-768x1422.jpg 768w, https:\/\/thoitrang4.vinastar.info\/wp-content\/uploads\/2021\/07\/425d984b-311a-2a00-c7d0-00178911f514-300x555.jpg 300w, https:\/\/thoitrang4.vinastar.info\/wp-content\/uploads\/2021\/07\/425d984b-311a-2a00-c7d0-00178911f514-600x1111.jpg 600w\" sizes=\"auto, (max-width: 570px) 100vw, 570px\" \/><\/p>\n","protected":false},"excerpt":{"rendered":"<h3 class=\"display-6\">M\u00f4 t\u1ea3 s\u1ea3n ph\u1ea9m<\/h3>\n<p>Ch\u1ea5t li\u1ec7u: Jean Cotton<br \/>\nTh\u00e0nh ph\u1ea7n: 99% cotton 1% spandex<br \/>\n&#8211; \u0110\u1ed9 b\u1ec1n cao<br \/>\n&#8211; Mang \u0111\u1ebfn s\u1ef1 tho\u1ea3i m\u00e1i \u1edf ph\u1ea7n h\u00f4ng v\u00e0 \u0111\u00f9i nh\u01b0ng v\u1eabn r\u1ea5t g\u1ecdn g\u00e0ng<br \/>\nHDSD:<br \/>\n&#8211; H\u00e3y l\u1ed9n m\u1eb7t tr\u00e1i c\u1ee7a s\u1ea3n ph\u1ea9m tr\u01b0\u1edbc khi gi\u1eb7t \u0111\u1ec3 h\u1ea1n ch\u1ebf bay m\u00e0u v\u1ea3i.<br \/>\n&#8211; Kh\u00f4ng n\u00ean s\u1eed d\u1ee5ng c\u00e1c ch\u1ea5t t\u1ea9y r\u1eeda m\u1ea1nh trong qu\u00e1 tr\u00ecnh gi\u1eb7t.<br \/>\nQu\u1ea7n D\u00e0i Jean Form Slimfit<\/p>\n","protected":false},"featured_media":11740,"comment_status":"open","ping_status":"closed","template":"","meta":{"inline_featured_image":false},"product_cat":[1655],"product_tag":[],"class_list":{"0":"post-11739","1":"product","2":"type-product","3":"status-publish","4":"has-post-thumbnail","6":"product_cat-quan-jean","8":"first","9":"instock","10":"shipping-taxable","11":"purchasable","12":"product-type-simple"},"_links":{"self":[{"href":"https:\/\/thoitrang4.vinastar.info\/index.php?rest_route=\/wp\/v2\/product\/11739","targetHints":{"allow":["GET"]}}],"collection":[{"href":"https:\/\/thoitrang4.vinastar.info\/index.php?rest_route=\/wp\/v2\/product"}],"about":[{"href":"https:\/\/thoitrang4.vinastar.info\/index.php?rest_route=\/wp\/v2\/types\/product"}],"replies":[{"embeddable":true,"href":"https:\/\/thoitrang4.vinastar.info\/index.php?rest_route=%2Fwp%2Fv2%2Fcomments&post=11739"}],"wp:featuredmedia":[{"embeddable":true,"href":"https:\/\/thoitrang4.vinastar.info\/index.php?rest_route=\/wp\/v2\/media\/11740"}],"wp:attachment":[{"href":"https:\/\/thoitrang4.vinastar.info\/index.php?rest_route=%2Fwp%2Fv2%2Fmedia&parent=11739"}],"wp:term":[{"taxonomy":"product_cat","embeddable":true,"href":"https:\/\/thoitrang4.vinastar.info\/index.php?rest_route=%2Fwp%2Fv2%2Fproduct_cat&post=11739"},{"taxonomy":"product_tag","embeddable":true,"href":"https:\/\/thoitrang4.vinastar.info\/index.php?rest_route=%2Fwp%2Fv2%2Fproduct_tag&post=11739"}],"curies":[{"name":"wp","href":"https:\/\/api.w.org\/{rel}","templated":true}]}}