{"id":11787,"date":"2021-07-15T11:15:46","date_gmt":"2021-07-15T04:15:46","guid":{"rendered":"https:\/\/shopquanao.shostweb.com\/?post_type=product&#038;p=11787"},"modified":"2021-07-15T11:40:50","modified_gmt":"2021-07-15T04:40:50","slug":"tui-deo-don-gian","status":"publish","type":"product","link":"https:\/\/thoitrang4.vinastar.info\/?product=tui-deo-don-gian","title":{"rendered":"T\u00fai \u0110eo \u0110\u01a1n Gi\u1ea3n"},"content":{"rendered":"<p><img loading=\"lazy\" decoding=\"async\" class=\"alignnone size-full wp-image-11789\" src=\"https:\/\/shopquanao.shostweb.com\/wp-content\/uploads\/2021\/07\/2ed101be-678f-9700-4968-0016f5e69a34.jpg\" alt=\"\" width=\"800\" height=\"800\" srcset=\"https:\/\/thoitrang4.vinastar.info\/wp-content\/uploads\/2021\/07\/2ed101be-678f-9700-4968-0016f5e69a34.jpg 800w, https:\/\/thoitrang4.vinastar.info\/wp-content\/uploads\/2021\/07\/2ed101be-678f-9700-4968-0016f5e69a34-768x768.jpg 768w, https:\/\/thoitrang4.vinastar.info\/wp-content\/uploads\/2021\/07\/2ed101be-678f-9700-4968-0016f5e69a34-300x300.jpg 300w, https:\/\/thoitrang4.vinastar.info\/wp-content\/uploads\/2021\/07\/2ed101be-678f-9700-4968-0016f5e69a34-600x600.jpg 600w, https:\/\/thoitrang4.vinastar.info\/wp-content\/uploads\/2021\/07\/2ed101be-678f-9700-4968-0016f5e69a34-100x100.jpg 100w\" sizes=\"auto, (max-width: 800px) 100vw, 800px\" \/><\/p>\n","protected":false},"excerpt":{"rendered":"","protected":false},"featured_media":11790,"comment_status":"open","ping_status":"closed","template":"","meta":{"inline_featured_image":false},"product_cat":[1677],"product_tag":[],"class_list":{"0":"post-11787","1":"product","2":"type-product","3":"status-publish","4":"has-post-thumbnail","6":"product_cat-tui","8":"first","9":"instock","10":"shipping-taxable","11":"product-type-simple"},"_links":{"self":[{"href":"https:\/\/thoitrang4.vinastar.info\/index.php?rest_route=\/wp\/v2\/product\/11787","targetHints":{"allow":["GET"]}}],"collection":[{"href":"https:\/\/thoitrang4.vinastar.info\/index.php?rest_route=\/wp\/v2\/product"}],"about":[{"href":"https:\/\/thoitrang4.vinastar.info\/index.php?rest_route=\/wp\/v2\/types\/product"}],"replies":[{"embeddable":true,"href":"https:\/\/thoitrang4.vinastar.info\/index.php?rest_route=%2Fwp%2Fv2%2Fcomments&post=11787"}],"wp:featuredmedia":[{"embeddable":true,"href":"https:\/\/thoitrang4.vinastar.info\/index.php?rest_route=\/wp\/v2\/media\/11790"}],"wp:attachment":[{"href":"https:\/\/thoitrang4.vinastar.info\/index.php?rest_route=%2Fwp%2Fv2%2Fmedia&parent=11787"}],"wp:term":[{"taxonomy":"product_cat","embeddable":true,"href":"https:\/\/thoitrang4.vinastar.info\/index.php?rest_route=%2Fwp%2Fv2%2Fproduct_cat&post=11787"},{"taxonomy":"product_tag","embeddable":true,"href":"https:\/\/thoitrang4.vinastar.info\/index.php?rest_route=%2Fwp%2Fv2%2Fproduct_tag&post=11787"}],"curies":[{"name":"wp","href":"https:\/\/api.w.org\/{rel}","templated":true}]}}