{"id":11795,"date":"2021-07-15T11:39:42","date_gmt":"2021-07-15T04:39:42","guid":{"rendered":"https:\/\/shopquanao.shostweb.com\/?post_type=product&#038;p=11795"},"modified":"2021-07-15T12:07:13","modified_gmt":"2021-07-15T05:07:13","slug":"11795","status":"publish","type":"product","link":"https:\/\/thoitrang4.vinastar.info\/?product=11795","title":{"rendered":""},"content":{"rendered":"<p><img loading=\"lazy\" decoding=\"async\" class=\"alignnone size-full wp-image-11800\" src=\"https:\/\/shopquanao.shostweb.com\/wp-content\/uploads\/2021\/07\/1f3ca095-e259-0c00-04d8-0017f18cfb8f.jpg\" alt=\"\" width=\"800\" height=\"700\" srcset=\"https:\/\/thoitrang4.vinastar.info\/wp-content\/uploads\/2021\/07\/1f3ca095-e259-0c00-04d8-0017f18cfb8f.jpg 800w, https:\/\/thoitrang4.vinastar.info\/wp-content\/uploads\/2021\/07\/1f3ca095-e259-0c00-04d8-0017f18cfb8f-768x672.jpg 768w, https:\/\/thoitrang4.vinastar.info\/wp-content\/uploads\/2021\/07\/1f3ca095-e259-0c00-04d8-0017f18cfb8f-300x263.jpg 300w, https:\/\/thoitrang4.vinastar.info\/wp-content\/uploads\/2021\/07\/1f3ca095-e259-0c00-04d8-0017f18cfb8f-600x525.jpg 600w\" sizes=\"auto, (max-width: 800px) 100vw, 800px\" \/><\/p>\n","protected":false},"excerpt":{"rendered":"<h5 class=\"display-6\">M\u00f4 t\u1ea3 s\u1ea3n ph\u1ea9m<\/h5>\n<p>T\u00fai \u0110eo Y2010 B37<\/p>\n<p>Ch\u1ea5t li\u1ec7u:<br \/>\n&#8211; M\u00e0u \u0111en<br \/>\n+ V\u1ea3i ch\u00ednh: 900HD \u0110en + L\u00f3t 210D PU Cam ch\u1eef Y\/320D<br \/>\nBlonded<br \/>\n&#8211; M\u00e0u v\u00e0ng + x\u00e1m \u0111\u1eadm<br \/>\n+ V\u1ea3i ch\u00ednh: 1000D Cordura tr\u01b0\u1ee3t n\u01b0\u1edbc + + L\u00f3t 210D PU Cam ch\u1eef Y\/320D<br \/>\nBlonded<br \/>\n&#8211; PU foam 5mm gi\u00fap gi\u1eef phom v\u00e0 l\u01b0\u1edbi Air mesh th\u00f4ng tho\u00e1ng<br \/>\n&#8211; D\u00e2y k\u00e9o YKK #5<br \/>\nThi\u1ebft k\u1ebf nhi\u1ec1u ng\u0103n ti\u1ec7n d\u1ee5ng<br \/>\n&#8211; Ng\u0103n ch\u00ednh r\u1ed9ng v\u1edbi s\u1ee9c ch\u1ee9a l\u1edbn<br \/>\n&#8211; 2 Ng\u0103n nh\u1ecf b\u00ean trong<br \/>\n&#8211; Ng\u0103n nh\u1ecf c\u00f3 d\u00e2y lu\u1ed3n gi\u00fap c\u1ed1 \u0111\u1ecbnh tai nghe<\/p>\n<p>K\u00edch th\u01b0\u1edbc: 47 x 26cm<\/p>\n","protected":false},"featured_media":11799,"comment_status":"open","ping_status":"closed","template":"","meta":{"inline_featured_image":false},"product_cat":[1677],"product_tag":[],"class_list":{"0":"post-11795","1":"product","2":"type-product","3":"status-publish","4":"has-post-thumbnail","6":"product_cat-tui","8":"first","9":"instock","10":"sale","11":"shipping-taxable","12":"purchasable","13":"product-type-simple"},"_links":{"self":[{"href":"https:\/\/thoitrang4.vinastar.info\/index.php?rest_route=\/wp\/v2\/product\/11795","targetHints":{"allow":["GET"]}}],"collection":[{"href":"https:\/\/thoitrang4.vinastar.info\/index.php?rest_route=\/wp\/v2\/product"}],"about":[{"href":"https:\/\/thoitrang4.vinastar.info\/index.php?rest_route=\/wp\/v2\/types\/product"}],"replies":[{"embeddable":true,"href":"https:\/\/thoitrang4.vinastar.info\/index.php?rest_route=%2Fwp%2Fv2%2Fcomments&post=11795"}],"wp:featuredmedia":[{"embeddable":true,"href":"https:\/\/thoitrang4.vinastar.info\/index.php?rest_route=\/wp\/v2\/media\/11799"}],"wp:attachment":[{"href":"https:\/\/thoitrang4.vinastar.info\/index.php?rest_route=%2Fwp%2Fv2%2Fmedia&parent=11795"}],"wp:term":[{"taxonomy":"product_cat","embeddable":true,"href":"https:\/\/thoitrang4.vinastar.info\/index.php?rest_route=%2Fwp%2Fv2%2Fproduct_cat&post=11795"},{"taxonomy":"product_tag","embeddable":true,"href":"https:\/\/thoitrang4.vinastar.info\/index.php?rest_route=%2Fwp%2Fv2%2Fproduct_tag&post=11795"}],"curies":[{"name":"wp","href":"https:\/\/api.w.org\/{rel}","templated":true}]}}