{"id":11808,"date":"2021-07-15T11:47:50","date_gmt":"2021-07-15T04:47:50","guid":{"rendered":"https:\/\/shopquanao.shostweb.com\/?post_type=product&#038;p=11808"},"modified":"2021-07-15T11:59:44","modified_gmt":"2021-07-15T04:59:44","slug":"11808","status":"publish","type":"product","link":"https:\/\/thoitrang4.vinastar.info\/?product=11808","title":{"rendered":"T\u00fai \u0110eo \u0110\u1eb7c Bi\u1ec7t"},"content":{"rendered":"<p><img loading=\"lazy\" decoding=\"async\" class=\"alignnone wp-image-11811\" src=\"https:\/\/shopquanao.shostweb.com\/wp-content\/uploads\/2021\/07\/c9d00c8a-f6e8-1000-cc74-00179efe0bfd.jpg\" alt=\"\" width=\"676\" height=\"1202\" srcset=\"https:\/\/thoitrang4.vinastar.info\/wp-content\/uploads\/2021\/07\/c9d00c8a-f6e8-1000-cc74-00179efe0bfd.jpg 800w, https:\/\/thoitrang4.vinastar.info\/wp-content\/uploads\/2021\/07\/c9d00c8a-f6e8-1000-cc74-00179efe0bfd-768x1365.jpg 768w, https:\/\/thoitrang4.vinastar.info\/wp-content\/uploads\/2021\/07\/c9d00c8a-f6e8-1000-cc74-00179efe0bfd-300x533.jpg 300w, https:\/\/thoitrang4.vinastar.info\/wp-content\/uploads\/2021\/07\/c9d00c8a-f6e8-1000-cc74-00179efe0bfd-600x1067.jpg 600w\" sizes=\"auto, (max-width: 676px) 100vw, 676px\" \/><\/p>\n","protected":false},"excerpt":{"rendered":"<h3 class=\"display-6\">M\u00f4 t\u1ea3 s\u1ea3n ph\u1ea9m<\/h3>\n<p>Ch\u1ea5t li\u1ec7u: 900HD + L\u00f3t 210HD PU<br \/>\n&#8211; B\u00ean trong l\u00f3t M\u00fat PE 5T \u00eam<br \/>\n&#8211; Logo nh\u1ef1a ch\u1eef Y<br \/>\n&#8211; D\u00e2y k\u00e9o YKK #5<br \/>\n&#8211; Thi\u1ebft k\u1ebf nhi\u1ec1u ng\u0103n ti\u1ec7n d\u1ee5ng<br \/>\n+ Ng\u0103n ch\u00ednh r\u1ed9ng + b\u00ean trong c\u00f3 ng\u0103n l\u01b0\u1edbi d\u00e2y k\u00e9o<br \/>\n&#8211; K\u00edch th\u01b0\u1edbc: 31 x 23.5 x 5cm<br \/>\n&#8211; H\u1ecda ti\u1ebft in trame<\/p>\n","protected":false},"featured_media":11814,"comment_status":"open","ping_status":"closed","template":"","meta":{"inline_featured_image":false},"product_cat":[1677],"product_tag":[],"class_list":{"0":"post-11808","1":"product","2":"type-product","3":"status-publish","4":"has-post-thumbnail","6":"product_cat-tui","8":"first","9":"instock","10":"shipping-taxable","11":"purchasable","12":"product-type-simple"},"_links":{"self":[{"href":"https:\/\/thoitrang4.vinastar.info\/index.php?rest_route=\/wp\/v2\/product\/11808","targetHints":{"allow":["GET"]}}],"collection":[{"href":"https:\/\/thoitrang4.vinastar.info\/index.php?rest_route=\/wp\/v2\/product"}],"about":[{"href":"https:\/\/thoitrang4.vinastar.info\/index.php?rest_route=\/wp\/v2\/types\/product"}],"replies":[{"embeddable":true,"href":"https:\/\/thoitrang4.vinastar.info\/index.php?rest_route=%2Fwp%2Fv2%2Fcomments&post=11808"}],"wp:featuredmedia":[{"embeddable":true,"href":"https:\/\/thoitrang4.vinastar.info\/index.php?rest_route=\/wp\/v2\/media\/11814"}],"wp:attachment":[{"href":"https:\/\/thoitrang4.vinastar.info\/index.php?rest_route=%2Fwp%2Fv2%2Fmedia&parent=11808"}],"wp:term":[{"taxonomy":"product_cat","embeddable":true,"href":"https:\/\/thoitrang4.vinastar.info\/index.php?rest_route=%2Fwp%2Fv2%2Fproduct_cat&post=11808"},{"taxonomy":"product_tag","embeddable":true,"href":"https:\/\/thoitrang4.vinastar.info\/index.php?rest_route=%2Fwp%2Fv2%2Fproduct_tag&post=11808"}],"curies":[{"name":"wp","href":"https:\/\/api.w.org\/{rel}","templated":true}]}}