{"id":11820,"date":"2021-07-15T12:04:02","date_gmt":"2021-07-15T05:04:02","guid":{"rendered":"https:\/\/shopquanao.shostweb.com\/?post_type=product&#038;p=11820"},"modified":"2021-07-15T13:35:01","modified_gmt":"2021-07-15T06:35:01","slug":"tui-deo-take-me-anywhere","status":"publish","type":"product","link":"https:\/\/thoitrang4.vinastar.info\/?product=tui-deo-take-me-anywhere","title":{"rendered":"T\u00fai \u0110eo Take Me Anywhere"},"content":{"rendered":"<p><img loading=\"lazy\" decoding=\"async\" class=\"alignnone size-full wp-image-11822\" src=\"https:\/\/shopquanao.shostweb.com\/wp-content\/uploads\/2021\/07\/6e66db34-ec5e-3c00-5dfa-0017536e43bc.jpg\" alt=\"\" width=\"800\" height=\"960\" srcset=\"https:\/\/thoitrang4.vinastar.info\/wp-content\/uploads\/2021\/07\/6e66db34-ec5e-3c00-5dfa-0017536e43bc.jpg 800w, https:\/\/thoitrang4.vinastar.info\/wp-content\/uploads\/2021\/07\/6e66db34-ec5e-3c00-5dfa-0017536e43bc-768x922.jpg 768w, https:\/\/thoitrang4.vinastar.info\/wp-content\/uploads\/2021\/07\/6e66db34-ec5e-3c00-5dfa-0017536e43bc-300x360.jpg 300w, https:\/\/thoitrang4.vinastar.info\/wp-content\/uploads\/2021\/07\/6e66db34-ec5e-3c00-5dfa-0017536e43bc-600x720.jpg 600w\" sizes=\"auto, (max-width: 800px) 100vw, 800px\" \/><\/p>\n","protected":false},"excerpt":{"rendered":"<h5 class=\"display-6\">M\u00f4 t\u1ea3 s\u1ea3n ph\u1ea9m<\/h5>\n<p>T\u00fai \u0110eo TK B38<\/p>\n<p>&#8211; Ch\u1ea5t li\u1ec7u: 840HD M\u00e0u \u0110en\/Tr\u1eafng + L\u00f3t 210D \u0110en<br \/>\n&#8211; PU foam 5mm gi\u00fap gi\u1eef phom<br \/>\n&#8211; D\u00e2y k\u00e9o YKK #5<br \/>\n&#8211; Logo ch\u1eef Y<br \/>\n&#8211; Thi\u1ebft k\u1ebf nhi\u1ec1u ng\u0103n ti\u1ec7n d\u1ee5ng<br \/>\n+ Ng\u0103n ch\u00ednh r\u1ed9ng + b\u00ean trong c\u00f3 ng\u0103n d\u00e2y k\u00e9o<br \/>\n+ 2 Ng\u0103n nh\u1ecf PVC mesh<br \/>\n+ Ng\u0103n k\u00e9o nh\u1ecf ph\u00eda sau t\u00fai<\/p>\n<p>K\u00edch th\u01b0\u1edbc: 24 x 29 x 9cm<\/p>\n","protected":false},"featured_media":11825,"comment_status":"open","ping_status":"closed","template":"","meta":{"inline_featured_image":false},"product_cat":[1677,1662,1672,15,1664,1654,1663],"product_tag":[],"class_list":{"0":"post-11820","1":"product","2":"type-product","3":"status-publish","4":"has-post-thumbnail","6":"product_cat-tui","7":"product_cat-giay","8":"product_cat-non","9":"product_cat-ao","10":"product_cat-sandal-dep","11":"product_cat-quan","12":"product_cat-phu-kien","14":"first","15":"instock","16":"shipping-taxable","17":"purchasable","18":"product-type-simple"},"_links":{"self":[{"href":"https:\/\/thoitrang4.vinastar.info\/index.php?rest_route=\/wp\/v2\/product\/11820","targetHints":{"allow":["GET"]}}],"collection":[{"href":"https:\/\/thoitrang4.vinastar.info\/index.php?rest_route=\/wp\/v2\/product"}],"about":[{"href":"https:\/\/thoitrang4.vinastar.info\/index.php?rest_route=\/wp\/v2\/types\/product"}],"replies":[{"embeddable":true,"href":"https:\/\/thoitrang4.vinastar.info\/index.php?rest_route=%2Fwp%2Fv2%2Fcomments&post=11820"}],"wp:featuredmedia":[{"embeddable":true,"href":"https:\/\/thoitrang4.vinastar.info\/index.php?rest_route=\/wp\/v2\/media\/11825"}],"wp:attachment":[{"href":"https:\/\/thoitrang4.vinastar.info\/index.php?rest_route=%2Fwp%2Fv2%2Fmedia&parent=11820"}],"wp:term":[{"taxonomy":"product_cat","embeddable":true,"href":"https:\/\/thoitrang4.vinastar.info\/index.php?rest_route=%2Fwp%2Fv2%2Fproduct_cat&post=11820"},{"taxonomy":"product_tag","embeddable":true,"href":"https:\/\/thoitrang4.vinastar.info\/index.php?rest_route=%2Fwp%2Fv2%2Fproduct_tag&post=11820"}],"curies":[{"name":"wp","href":"https:\/\/api.w.org\/{rel}","templated":true}]}}